{"id":984,"date":"2025-06-23T12:50:34","date_gmt":"2025-06-23T12:50:34","guid":{"rendered":"https:\/\/pana-connect.com\/?page_id=984"},"modified":"2025-06-23T12:50:35","modified_gmt":"2025-06-23T12:50:35","slug":"politica-de-privacidad","status":"publish","type":"page","link":"https:\/\/pana-connect.com\/es\/politique-de-confidentialite\/","title":{"rendered":"Pol\u00edtica de privacidad"},"content":{"rendered":"<p>La protecci\u00f3n de sus datos personales es muy importante para nosotros.<\/p>\n\n\n\n<p><strong>Recogida de datos<\/strong><br>El sitio puede recoger datos durante su navegaci\u00f3n (cookies, formulario de contacto, etc.). Estos datos se utilizan exclusivamente para los fines del servicio ofrecido.<\/p>\n\n\n\n<p><strong>Utilice<\/strong><br>Los datos recogidos nunca se vender\u00e1n ni se transmitir\u00e1n a terceros. Se utilizan \u00fanicamente para mejorar la experiencia del usuario o responder a las solicitudes enviadas a trav\u00e9s del sitio.<\/p>\n\n\n\n<p><strong>Cookies<\/strong><br>Este sitio utiliza cookies con fines estad\u00edsticos y t\u00e9cnicos. Puede cambiar sus preferencias de cookies en su navegador en cualquier momento.<\/p>\n\n\n\n<p><strong>Derecho de acceso y supresi\u00f3n<\/strong><br>De conformidad con la Ley de Protecci\u00f3n de Datos y el RGPD, tiene derecho a acceder a sus datos personales, modificarlos o eliminarlos. Para ello, p\u00f3ngase en contacto con nosotros a trav\u00e9s del formulario de contacto.<\/p>","protected":false},"excerpt":{"rendered":"<p>La protecci\u00f3n de sus datos personales es muy importante para nosotros. Recogida de datosEl sitio puede recoger datos durante su navegaci\u00f3n...<\/p>","protected":false},"author":1,"featured_media":0,"parent":0,"menu_order":0,"comment_status":"closed","ping_status":"closed","template":"","meta":{"_acf_changed":false,"footnotes":""},"class_list":["post-984","page","type-page","status-publish","hentry"],"acf":[],"_links":{"self":[{"href":"https:\/\/pana-connect.com\/es\/wp-json\/wp\/v2\/pages\/984","targetHints":{"allow":["GET"]}}],"collection":[{"href":"https:\/\/pana-connect.com\/es\/wp-json\/wp\/v2\/pages"}],"about":[{"href":"https:\/\/pana-connect.com\/es\/wp-json\/wp\/v2\/types\/page"}],"author":[{"embeddable":true,"href":"https:\/\/pana-connect.com\/es\/wp-json\/wp\/v2\/users\/1"}],"replies":[{"embeddable":true,"href":"https:\/\/pana-connect.com\/es\/wp-json\/wp\/v2\/comments?post=984"}],"version-history":[{"count":1,"href":"https:\/\/pana-connect.com\/es\/wp-json\/wp\/v2\/pages\/984\/revisions"}],"predecessor-version":[{"id":985,"href":"https:\/\/pana-connect.com\/es\/wp-json\/wp\/v2\/pages\/984\/revisions\/985"}],"wp:attachment":[{"href":"https:\/\/pana-connect.com\/es\/wp-json\/wp\/v2\/media?parent=984"}],"curies":[{"name":"wp","href":"https:\/\/api.w.org\/{rel}","templated":true}]}}