{"id":764,"date":"2024-07-06T15:10:10","date_gmt":"2024-07-06T15:10:10","guid":{"rendered":"https:\/\/promo-theme.com\/travelite\/shop\/"},"modified":"2025-06-23T12:53:53","modified_gmt":"2025-06-23T12:53:53","slug":"informacion-legal","status":"publish","type":"page","link":"https:\/\/pana-connect.com\/es\/mentions-legales\/","title":{"rendered":"Informaci\u00f3n jur\u00eddica"},"content":{"rendered":"<p><strong>Editor del sitio<\/strong><br>Este sitio web est\u00e1 publicado por una empresa individual o una sociedad cuyos datos completos no figuran aqu\u00ed.<\/p>\n\n\n\n<p><strong>Alojamiento<\/strong><br>El sitio est\u00e1 alojado por un proveedor de servicios externo, que garantiza la continuidad del servicio las 24 horas del d\u00eda. En caso de problema t\u00e9cnico, p\u00f3ngase en contacto con nosotros a trav\u00e9s del formulario de la p\u00e1gina Contacto.<\/p>\n\n\n\n<p><strong>Responsabilidad<\/strong><br>El editor se esfuerza por ofrecer informaci\u00f3n exacta y actualizada. Sin embargo, no se hace responsable de los errores, omisiones o falta de disponibilidad de la informaci\u00f3n y los servicios.<\/p>\n\n\n\n<p><strong>Propiedad intelectual<\/strong><br>El contenido del sitio (texto, im\u00e1genes, logotipo, carta gr\u00e1fica, etc.) est\u00e1 protegido por el derecho de propiedad intelectual. Queda prohibida cualquier reproducci\u00f3n, incluso parcial, sin autorizaci\u00f3n previa.<\/p>","protected":false},"excerpt":{"rendered":"<p>Editor del sitioEste sitio web es publicado por una empresa individual o una empresa cuyos datos completos no se indican aqu\u00ed....<\/p>","protected":false},"author":1,"featured_media":0,"parent":0,"menu_order":0,"comment_status":"closed","ping_status":"closed","template":"","meta":{"_acf_changed":false,"footnotes":""},"class_list":["post-764","page","type-page","status-publish","hentry"],"acf":[],"_links":{"self":[{"href":"https:\/\/pana-connect.com\/es\/wp-json\/wp\/v2\/pages\/764","targetHints":{"allow":["GET"]}}],"collection":[{"href":"https:\/\/pana-connect.com\/es\/wp-json\/wp\/v2\/pages"}],"about":[{"href":"https:\/\/pana-connect.com\/es\/wp-json\/wp\/v2\/types\/page"}],"author":[{"embeddable":true,"href":"https:\/\/pana-connect.com\/es\/wp-json\/wp\/v2\/users\/1"}],"replies":[{"embeddable":true,"href":"https:\/\/pana-connect.com\/es\/wp-json\/wp\/v2\/comments?post=764"}],"version-history":[{"count":1,"href":"https:\/\/pana-connect.com\/es\/wp-json\/wp\/v2\/pages\/764\/revisions"}],"predecessor-version":[{"id":983,"href":"https:\/\/pana-connect.com\/es\/wp-json\/wp\/v2\/pages\/764\/revisions\/983"}],"wp:attachment":[{"href":"https:\/\/pana-connect.com\/es\/wp-json\/wp\/v2\/media?parent=764"}],"curies":[{"name":"wp","href":"https:\/\/api.w.org\/{rel}","templated":true}]}}