{"id":30,"date":"2024-07-06T17:26:41","date_gmt":"2024-07-06T17:26:41","guid":{"rendered":"https:\/\/promo-theme.com\/travelite\/?page_id=30"},"modified":"2025-09-01T09:35:10","modified_gmt":"2025-09-01T09:35:10","slug":"a-propos","status":"publish","type":"page","link":"https:\/\/pana-connect.com\/es\/a-propos\/","title":{"rendered":"Qui\u00e9nes somos"},"content":{"rendered":"<div data-elementor-type=\"wp-page\" data-elementor-id=\"30\" class=\"elementor elementor-30\" data-elementor-post-type=\"page\">\n\t\t\t\t<div class=\"elementor-element elementor-element-6b9f52eb e-con-full e-flex e-con e-parent\" data-id=\"6b9f52eb\" data-element_type=\"container\" data-e-type=\"container\">\n\t\t\t\t<div class=\"elementor-element elementor-element-ee5ab18 elementor-widget elementor-widget-pt-slider\" data-id=\"ee5ab18\" data-element_type=\"widget\" data-e-type=\"widget\" data-settings=\"{&quot;autoplay&quot;:&quot;yes&quot;,&quot;autoplay_delay&quot;:5000,&quot;dots&quot;:&quot;yes&quot;}\" data-widget_type=\"pt-slider.default\">\n\t\t\t\t<div class=\"elementor-widget-container\">\n\t\t\t\t\t\n\t\t<div class=\"pt-slider\">\n\t\t\t<div class=\"swiper\">\n\t\t\t\t<div class=\"swiper-wrapper\">\n\t\t\t\t\t\n\t\t\t\t\t\t\n\t\t\t\t\t\t<div class=\"pt-slide swiper-slide elementor-repeater-item-300f500\">\n\t\t\t\t\t\t\t\t\t\t\t\t\t\t\t<div class=\"pt-slide-image\">\n\t\t\t\t\t\t\t\t\t<img fetchpriority=\"high\" decoding=\"async\" width=\"1920\" height=\"1080\" src=\"https:\/\/pana-connect.com\/wp-content\/uploads\/2025\/07\/Ciel-Panama.png\" class=\"attachment-full size-full\" alt=\"\" srcset=\"https:\/\/pana-connect.com\/wp-content\/uploads\/2025\/07\/Ciel-Panama.png 1920w, https:\/\/pana-connect.com\/wp-content\/uploads\/2025\/07\/Ciel-Panama-300x169.png 300w, https:\/\/pana-connect.com\/wp-content\/uploads\/2025\/07\/Ciel-Panama-1024x576.png 1024w, https:\/\/pana-connect.com\/wp-content\/uploads\/2025\/07\/Ciel-Panama-768x432.png 768w, https:\/\/pana-connect.com\/wp-content\/uploads\/2025\/07\/Ciel-Panama-1536x864.png 1536w\" sizes=\"(max-width: 1920px) 100vw, 1920px\" \/>\t\t\t\t\t\t\t\t<\/div>\n\t\t\t\t\t\t\t\n\t\t\t\t\t\t\t<div class=\"pt-slide-content-wrapper\">\n\t\t\t\t\t\t\t\t<div class=\"pt-slide-content\">\n\t\t\t\t\t\t\t\t\t\n\t\t\t\t\t\t\t\t\t<div class=\"pt-slide-title-wrapper\">\n\t\t\t\t\t\t\t\t\t\t\t\t\t\t\t\t\t\t\t\t\t<div class=\"pt-slide-title pt-heading\">\n\t\t\t\t\t\t\t\t\t\t\t\t<div class=\"pt-heading-title\">\n\t\t\t\t\t\t\t\t\t\t\t\t\tM\u00e1s informaci\u00f3n...\t\t\t\t\t\t\t\t\t\t\t\t<\/div>\n\t\t\t\t\t\t\t\t\t\t\t<\/div>\n\t\t\t\t\t\t\t\t\t\t\n\t\t\t\t\t\t\t\t\t\t\t\t\t\t\t\t\t\t\t\t\t<div class=\"pt-slide-text\">\n\t\t\t\t\t\t\t\t\t\t\t\tBienvenido a Pana Connect, el directorio de referencia de Panam\u00e1. Tanto si est\u00e1 de paso como si es un expatriado reci\u00e9n instalado o un residente de larga duraci\u00f3n, nuestra misi\u00f3n es sencilla: facilitarle las cosas, ahorrarle tiempo y abrirle las puertas a las mejores direcciones del pa\u00eds.\t\t\t\t\t\t\t\t\t\t\t<\/div>\n\t\t\t\t\t\t\t\t\t\t\t\t\t\t\t\t\t\t\t<\/div>\n\n\t\t\t\t\t\t\t\t\t<div class=\"pt-slide-buttons\">\n\t\t\t\t\t\t\t\t\t\t\n\t\t\t\t\t\t\t\t\t\t\n\t\t\t\t\t\t\t\t\t\t\t\t\t\t\t\t\t\t\t<\/div>\n\t\t\t\t\t\t\t\t<\/div>\n\n\t\t\t\t\t\t\t\t\t\t\t\t\t\t\t\t\t<div class=\"pt-slide-side-image\">\n\t\t\t\t\t\t\t\t\t\t<img decoding=\"async\" width=\"500\" height=\"500\" src=\"https:\/\/pana-connect.com\/wp-content\/uploads\/2025\/08\/Design-sans-titre.png\" class=\"attachment-full size-full\" alt=\"\" srcset=\"https:\/\/pana-connect.com\/wp-content\/uploads\/2025\/08\/Design-sans-titre.png 500w, https:\/\/pana-connect.com\/wp-content\/uploads\/2025\/08\/Design-sans-titre-300x300.png 300w, https:\/\/pana-connect.com\/wp-content\/uploads\/2025\/08\/Design-sans-titre-150x150.png 150w\" sizes=\"(max-width: 500px) 100vw, 500px\" \/>\t\t\t\t\t\t\t\t\t<\/div>\n\t\t\t\t\t\t\t\t\t\t\t\t\t\t\t<\/div>\n\t\t\t\t\t\t<\/div>\n\n\t\t\t\t\t\t\t\t\t<\/div>\n\t\t\t<\/div>\n\n\t\t\t<div class=\"pt-slider-navigation\">\n\t\t\t\t<div class=\"pt-slider-navigation-inner\">\n\t\t\t\t\t\n\t\t\t\t\t\t\t\t\t\t\t<div class=\"pt-swiper-pagination\"><\/div>\n\t\t\t\t\t\t\t\t\t<\/div>\n\t\t\t<\/div>\n\t\t<\/div>\n\n\t\t\t\t\t\t<\/div>\n\t\t\t\t<\/div>\n\t\t\t\t<\/div>\n\t\t<div class=\"elementor-element elementor-element-f573a4a e-flex e-con-boxed e-con e-parent\" data-id=\"f573a4a\" data-element_type=\"container\" data-e-type=\"container\">\n\t\t\t\t\t<div class=\"e-con-inner\">\n\t\t<div class=\"elementor-element elementor-element-f265279 e-con-full e-flex elementor-invisible e-con e-child\" data-id=\"f265279\" data-element_type=\"container\" data-e-type=\"container\" data-settings=\"{&quot;animation&quot;:&quot;fadeInLeft&quot;}\">\n\t\t\t\t<div class=\"elementor-element elementor-element-6c4a4ed elementor-widget elementor-widget-image\" data-id=\"6c4a4ed\" data-element_type=\"widget\" data-e-type=\"widget\" data-widget_type=\"image.default\">\n\t\t\t\t<div class=\"elementor-widget-container\">\n\t\t\t\t\t\t\t\t\t\t\t\t\t\t\t<img decoding=\"async\" width=\"4000\" height=\"6000\" src=\"https:\/\/pana-connect.com\/wp-content\/uploads\/2025\/07\/pexels-bychelo-608228781-18077660.jpg\" class=\"attachment-full size-full wp-image-1228\" alt=\"\" srcset=\"https:\/\/pana-connect.com\/wp-content\/uploads\/2025\/07\/pexels-bychelo-608228781-18077660.jpg 4000w, https:\/\/pana-connect.com\/wp-content\/uploads\/2025\/07\/pexels-bychelo-608228781-18077660-200x300.jpg 200w, https:\/\/pana-connect.com\/wp-content\/uploads\/2025\/07\/pexels-bychelo-608228781-18077660-683x1024.jpg 683w, https:\/\/pana-connect.com\/wp-content\/uploads\/2025\/07\/pexels-bychelo-608228781-18077660-768x1152.jpg 768w, https:\/\/pana-connect.com\/wp-content\/uploads\/2025\/07\/pexels-bychelo-608228781-18077660-1024x1536.jpg 1024w, https:\/\/pana-connect.com\/wp-content\/uploads\/2025\/07\/pexels-bychelo-608228781-18077660-1365x2048.jpg 1365w\" sizes=\"(max-width: 4000px) 100vw, 4000px\" \/>\t\t\t\t\t\t\t\t\t\t\t\t\t\t\t<\/div>\n\t\t\t\t<\/div>\n\t\t\t\t<\/div>\n\t\t<div class=\"elementor-element elementor-element-a65aa27 e-con-full e-flex elementor-invisible e-con e-child\" data-id=\"a65aa27\" data-element_type=\"container\" data-e-type=\"container\" data-settings=\"{&quot;animation&quot;:&quot;fadeInRight&quot;,&quot;animation_delay&quot;:400}\">\n\t\t\t\t<div class=\"elementor-element elementor-element-eb59f64 elementor-widget elementor-widget-pt-heading\" data-id=\"eb59f64\" data-element_type=\"widget\" data-e-type=\"widget\" data-widget_type=\"pt-heading.default\">\n\t\t\t\t<div class=\"elementor-widget-container\">\n\t\t\t\t\t\n\t\t<div class=\"pt-heading text-align-left\">\n\t\t\t\t\t\t\t<p class=\"pt-heading-subtitle\">\n\t\t\t\t\t<span>Con total confianza<\/span>\n\t\t\t\t<\/p>\n\t\t\t\n\t\t\t\t\t\t\t<h2 class=\"pt-heading-title h2\">\n\t\t\t\t\tEl directorio de referencia en Panam\u00e1\t\t\t\t<\/h2>\n\t\t\t\t\t<\/div>\n\n\t\t\t\t\t\t<\/div>\n\t\t\t\t<\/div>\n\t\t\t\t<div class=\"elementor-element elementor-element-b767d5f elementor-widget elementor-widget-text-editor\" data-id=\"b767d5f\" data-element_type=\"widget\" data-e-type=\"widget\" data-widget_type=\"text-editor.default\">\n\t\t\t\t<div class=\"elementor-widget-container\">\n\t\t\t\t\t\t\t\t\t<p>Pana Connect es mucho m\u00e1s que un directorio: es una plataforma que conecta a viajeros, residentes y expatriados con las mejores direcciones y profesionales de confianza en Panam\u00e1.<\/p><p>Nuestra misi\u00f3n: ayudarle a descubrir, vivir e instalarse m\u00e1s f\u00e1cilmente gracias a una selecci\u00f3n fiable, humana y local.<\/p>\t\t\t\t\t\t\t\t<\/div>\n\t\t\t\t<\/div>\n\t\t<div class=\"elementor-element elementor-element-0dc6cea e-con-full e-flex e-con e-child\" data-id=\"0dc6cea\" data-element_type=\"container\" data-e-type=\"container\">\n\t\t\t\t<div class=\"elementor-element elementor-element-e2f13ab elementor-widget elementor-widget-counter\" data-id=\"e2f13ab\" data-element_type=\"widget\" data-e-type=\"widget\" data-widget_type=\"counter.default\">\n\t\t\t\t<div class=\"elementor-widget-container\">\n\t\t\t\t\t\t\t<div class=\"elementor-counter\">\n\t\t\t<div class=\"elementor-counter-title\">Profesionales verificados<\/div>\t\t\t<div class=\"elementor-counter-number-wrapper\">\n\t\t\t\t<span class=\"elementor-counter-number-prefix\">+<\/span>\n\t\t\t\t<span class=\"elementor-counter-number\" data-duration=\"2000\" data-to-value=\"250\" data-from-value=\"0\" data-delimiter=\",\">0<\/span>\n\t\t\t\t<span class=\"elementor-counter-number-suffix\"><\/span>\n\t\t\t<\/div>\n\t\t<\/div>\n\t\t\t\t\t\t<\/div>\n\t\t\t\t<\/div>\n\t\t\t\t<div class=\"elementor-element elementor-element-5029377 elementor-widget__width-initial elementor-widget-divider--view-line elementor-widget elementor-widget-divider\" data-id=\"5029377\" data-element_type=\"widget\" data-e-type=\"widget\" data-widget_type=\"divider.default\">\n\t\t\t\t<div class=\"elementor-widget-container\">\n\t\t\t\t\t\t\t<div class=\"elementor-divider\">\n\t\t\t<span class=\"elementor-divider-separator\">\n\t\t\t\t\t\t<\/span>\n\t\t<\/div>\n\t\t\t\t\t\t<\/div>\n\t\t\t\t<\/div>\n\t\t\t\t<div class=\"elementor-element elementor-element-74f8178 elementor-widget elementor-widget-counter\" data-id=\"74f8178\" data-element_type=\"widget\" data-e-type=\"widget\" data-widget_type=\"counter.default\">\n\t\t\t\t<div class=\"elementor-widget-container\">\n\t\t\t\t\t\t\t<div class=\"elementor-counter\">\n\t\t\t<div class=\"elementor-counter-title\">Ciudades cubiertas<\/div>\t\t\t<div class=\"elementor-counter-number-wrapper\">\n\t\t\t\t<span class=\"elementor-counter-number-prefix\">+<\/span>\n\t\t\t\t<span class=\"elementor-counter-number\" data-duration=\"2000\" data-to-value=\"50\" data-from-value=\"0\" data-delimiter=\",\">0<\/span>\n\t\t\t\t<span class=\"elementor-counter-number-suffix\"><\/span>\n\t\t\t<\/div>\n\t\t<\/div>\n\t\t\t\t\t\t<\/div>\n\t\t\t\t<\/div>\n\t\t\t\t<div class=\"elementor-element elementor-element-1edb267 elementor-widget__width-initial elementor-widget-divider--view-line elementor-widget elementor-widget-divider\" data-id=\"1edb267\" data-element_type=\"widget\" data-e-type=\"widget\" data-widget_type=\"divider.default\">\n\t\t\t\t<div class=\"elementor-widget-container\">\n\t\t\t\t\t\t\t<div class=\"elementor-divider\">\n\t\t\t<span class=\"elementor-divider-separator\">\n\t\t\t\t\t\t<\/span>\n\t\t<\/div>\n\t\t\t\t\t\t<\/div>\n\t\t\t\t<\/div>\n\t\t\t\t<div class=\"elementor-element elementor-element-52c98c7 elementor-widget elementor-widget-counter\" data-id=\"52c98c7\" data-element_type=\"widget\" data-e-type=\"widget\" data-widget_type=\"counter.default\">\n\t\t\t\t<div class=\"elementor-widget-container\">\n\t\t\t\t\t\t\t<div class=\"elementor-counter\">\n\t\t\t<div class=\"elementor-counter-title\">Usuarios activos mensuales<\/div>\t\t\t<div class=\"elementor-counter-number-wrapper\">\n\t\t\t\t<span class=\"elementor-counter-number-prefix\">+<\/span>\n\t\t\t\t<span class=\"elementor-counter-number\" data-duration=\"2000\" data-to-value=\"5000\" data-from-value=\"0\" data-delimiter=\",\">0<\/span>\n\t\t\t\t<span class=\"elementor-counter-number-suffix\"><\/span>\n\t\t\t<\/div>\n\t\t<\/div>\n\t\t\t\t\t\t<\/div>\n\t\t\t\t<\/div>\n\t\t\t\t<\/div>\n\t\t\t\t<\/div>\n\t\t\t\t\t<\/div>\n\t\t\t\t<\/div>\n\t\t<div class=\"elementor-element elementor-element-fb6bbbb e-flex e-con-boxed e-con e-parent\" data-id=\"fb6bbbb\" data-element_type=\"container\" data-e-type=\"container\">\n\t\t\t\t\t<div class=\"e-con-inner\">\n\t\t<div class=\"elementor-element elementor-element-5231d96 e-con-full e-flex e-con e-child\" data-id=\"5231d96\" data-element_type=\"container\" data-e-type=\"container\">\n\t\t\t\t<div class=\"elementor-element elementor-element-aa01e3e elementor-widget elementor-widget-pt-heading\" data-id=\"aa01e3e\" data-element_type=\"widget\" data-e-type=\"widget\" data-widget_type=\"pt-heading.default\">\n\t\t\t\t<div class=\"elementor-widget-container\">\n\t\t\t\t\t\n\t\t<div class=\"pt-heading text-align-left\">\n\t\t\t\t\t\t\t<p class=\"pt-heading-subtitle\">\n\t\t\t\t\t<span>Los cimientos<\/span>\n\t\t\t\t<\/p>\n\t\t\t\n\t\t\t\t\t\t\t<h2 class=\"pt-heading-title h2\">\n\t\t\t\t\t\u00bfQui\u00e9nes somos?\t\t\t\t<\/h2>\n\t\t\t\t\t<\/div>\n\n\t\t\t\t\t\t<\/div>\n\t\t\t\t<\/div>\n\t\t\t\t<div class=\"elementor-element elementor-element-9f5a543 elementor-widget elementor-widget-text-editor\" data-id=\"9f5a543\" data-element_type=\"widget\" data-e-type=\"widget\" data-widget_type=\"text-editor.default\">\n\t\t\t\t<div class=\"elementor-widget-container\">\n\t\t\t\t\t\t\t\t\t<p>Me llamo Matthieu y soy un emprendedor apasionado por las soluciones digitales que ayudan a la comunidad.<br \/>Fund\u00e9 <strong>Pana Connect<\/strong> con una idea sencilla: conectar a todo el mundo con el lugar adecuado en el momento oportuno.<\/p><p>Habiendo vivido en Panam\u00e1 durante muchos a\u00f1os, conozco los retos a los que se enfrentan los viajeros, los reci\u00e9n llegados y los expatriados: falta de puntos de referencia, contactos dif\u00edciles de encontrar, informaci\u00f3n poco clara...<\/p><p>Por eso naci\u00f3 Pana Connect: <strong>centralizar las mejores direcciones del pa\u00eds<\/strong>Nuestro objetivo es ofrecer una herramienta fiable, estructurada y f\u00e1cil de usar.<br \/>En la actualidad, nuestra red sigue creciendo y <strong>cada nuevo miembro contribuye a enriquecer esta aventura colectiva.<\/strong><\/p>\t\t\t\t\t\t\t\t<\/div>\n\t\t\t\t<\/div>\n\t\t\t\t<\/div>\n\t\t<div class=\"elementor-element elementor-element-8114205 e-con-full e-flex e-con e-child\" data-id=\"8114205\" data-element_type=\"container\" data-e-type=\"container\">\n\t\t\t\t<div class=\"elementor-element elementor-element-5cdd306 elementor-widget elementor-widget-image\" data-id=\"5cdd306\" data-element_type=\"widget\" data-e-type=\"widget\" data-widget_type=\"image.default\">\n\t\t\t\t<div class=\"elementor-widget-container\">\n\t\t\t\t\t\t\t\t\t\t\t\t\t\t\t<img loading=\"lazy\" decoding=\"async\" width=\"500\" height=\"500\" src=\"https:\/\/pana-connect.com\/wp-content\/uploads\/2025\/07\/Design-sans-titre-16-1.jpg\" class=\"attachment-full size-full wp-image-1474\" alt=\"\" srcset=\"https:\/\/pana-connect.com\/wp-content\/uploads\/2025\/07\/Design-sans-titre-16-1.jpg 500w, https:\/\/pana-connect.com\/wp-content\/uploads\/2025\/07\/Design-sans-titre-16-1-300x300.jpg 300w, https:\/\/pana-connect.com\/wp-content\/uploads\/2025\/07\/Design-sans-titre-16-1-150x150.jpg 150w\" sizes=\"(max-width: 500px) 100vw, 500px\" \/>\t\t\t\t\t\t\t\t\t\t\t\t\t\t\t<\/div>\n\t\t\t\t<\/div>\n\t\t\t\t<\/div>\n\t\t\t\t\t<\/div>\n\t\t\t\t<\/div>\n\t\t<div class=\"elementor-element elementor-element-1aa28090 e-flex e-con-boxed e-con e-parent\" data-id=\"1aa28090\" data-element_type=\"container\" data-e-type=\"container\">\n\t\t\t\t\t<div class=\"e-con-inner\">\n\t\t\t\t<div class=\"elementor-element elementor-element-7e8f9e1 elementor-widget elementor-widget-heading\" data-id=\"7e8f9e1\" data-element_type=\"widget\" data-e-type=\"widget\" data-widget_type=\"heading.default\">\n\t\t\t\t<div class=\"elementor-widget-container\">\n\t\t\t\t\t<h3 class=\"elementor-heading-title elementor-size-default\">Nuestra misi\u00f3n<\/h3>\t\t\t\t<\/div>\n\t\t\t\t<\/div>\n\t\t\t\t<div class=\"elementor-element elementor-element-5197db9b elementor-invisible elementor-widget elementor-widget-pt-icon-box\" data-id=\"5197db9b\" data-element_type=\"widget\" data-e-type=\"widget\" data-settings=\"{&quot;layout&quot;:&quot;carousel&quot;,&quot;loop&quot;:&quot;yes&quot;,&quot;_animation&quot;:&quot;fadeInUp&quot;,&quot;autoplay&quot;:&quot;yes&quot;,&quot;cols&quot;:3,&quot;cols_tablet&quot;:2,&quot;cols_mobile&quot;:1,&quot;gap&quot;:30,&quot;style&quot;:&quot;top&quot;,&quot;dots&quot;:&quot;yes&quot;,&quot;arrows_position&quot;:&quot;default&quot;}\" data-widget_type=\"pt-icon-box.default\">\n\t\t\t\t<div class=\"elementor-widget-container\">\n\t\t\t\t\t\n\t\t<div class=\"pt-icon-boxes layout-carousel style-top shape-default   arrows-default arrows-align-\">\n\t\t\t\t\t\t\t<div class=\"swiper\"><div class=\"swiper-wrapper\">\n\t\t\t\n\t\t\t\n\t\t\t\t\n\t\t\t\t\t\t\t\t\t<div class=\"swiper-slide\">\n\t\t\t\t\n\t\t\t\t<div class=\"pt-icon-box elementor-repeater-item-59668d2\">\n\n\t\t\t\t\t\n\t\t\t\t\t\t\n\t\t<div class=\"pt-icon-box-icon\">\n\t\t\t\n\t\t\t\t\n\t\t\t\t\n\t\t\t\t\n\t\t\t\t\t<\/div>\n\n\t\t\t\t\t\t\t\t\t\t\t\t\t\t\t\t\t\t\t\t\n\t\t<div class=\"pt-icon-box-title\">\n\t\t\t\n\t\t\tHacer la vida m\u00e1s f\u00e1cil en Panam\u00e1 \ud83c\udf0d\n\t\t\t\t\t<\/div>\n\n\t\t\t\t\t\t\t\t\n\t\t<div class=\"pt-icon-box-text\">\n\t\t\tReuniendo a los mejores profesionales de todos los sectores clave.\t\t<\/div>\n\n\t\t\t\t\t\t\t\t\n\t\t\t\t\t\n\t\t\t\t\t\n\t\t\t\t\t\n\t\t\t\t<\/div>\n\n\t\t\t\t\t\t\t\t\t<\/div>\n\t\t\t\t\n\t\t\t\n\t\t\t\t\n\t\t\t\t\t\t\t\t\t<div class=\"swiper-slide\">\n\t\t\t\t\n\t\t\t\t<div class=\"pt-icon-box elementor-repeater-item-2db44f8\">\n\n\t\t\t\t\t\n\t\t\t\t\t\t\n\t\t<div class=\"pt-icon-box-icon\">\n\t\t\t\n\t\t\t\t\n\t\t\t\t\n\t\t\t\t\n\t\t\t\t\t<\/div>\n\n\t\t\t\t\t\t\t\t\t\t\t\t\t\t\t\t\t\t\t\t\n\t\t<div class=\"pt-icon-box-title\">\n\t\t\t\n\t\t\tReunir a viajeros, residentes y proveedores de servicios \ud83e\udd1d\n\t\t\t\t\t<\/div>\n\n\t\t\t\t\t\t\t\t\n\t\t<div class=\"pt-icon-box-text\">\n\t\t\tFomentar el apoyo mutuo, el descubrimiento y los consejos \u00fatiles.\t\t<\/div>\n\n\t\t\t\t\t\t\t\t\n\t\t\t\t\t\n\t\t\t\t\t\n\t\t\t\t\t\n\t\t\t\t<\/div>\n\n\t\t\t\t\t\t\t\t\t<\/div>\n\t\t\t\t\n\t\t\t\n\t\t\t\t\n\t\t\t\t\t\t\t\t\t<div class=\"swiper-slide\">\n\t\t\t\t\n\t\t\t\t<div class=\"pt-icon-box elementor-repeater-item-82c67dc\">\n\n\t\t\t\t\t\n\t\t\t\t\t\t\n\t\t<div class=\"pt-icon-box-icon\">\n\t\t\t\n\t\t\t\t\n\t\t\t\t\n\t\t\t\t\n\t\t\t\t\t<\/div>\n\n\t\t\t\t\t\t\t\t\t\t\t\t\t\t\t\t\t\t\t\t\n\t\t<div class=\"pt-icon-box-title\">\n\t\t\t\n\t\t\tOfrecer un escaparate a los profesionales \ud83d\ude80.\n\t\t\t\t\t<\/div>\n\n\t\t\t\t\t\t\t\t\n\t\t<div class=\"pt-icon-box-text\">\n\t\t\tPara ayudarles a darse a conocer y desarrollar su negocio.\t\t<\/div>\n\n\t\t\t\t\t\t\t\t\n\t\t\t\t\t\n\t\t\t\t\t\n\t\t\t\t\t\n\t\t\t\t<\/div>\n\n\t\t\t\t\t\t\t\t\t<\/div>\n\t\t\t\t\n\t\t\t\n\t\t\t\t\n\t\t\t\t\t\t\t\t\t<div class=\"swiper-slide\">\n\t\t\t\t\n\t\t\t\t<div class=\"pt-icon-box elementor-repeater-item-e93620d\">\n\n\t\t\t\t\t\n\t\t\t\t\t\t\n\t\t<div class=\"pt-icon-box-icon\">\n\t\t\t\n\t\t\t\t\n\t\t\t\t\n\t\t\t\t\n\t\t\t\t\t<\/div>\n\n\t\t\t\t\t\t\t\t\t\t\t\t\t\t\t\t\t\t\t\t\n\t\t<div class=\"pt-icon-box-title\">\n\t\t\t\n\t\t\tDestacando la diversidad de Panam\u00e1 \ud83c\udf0e\n\t\t\t\t\t<\/div>\n\n\t\t\t\t\t\t\t\t\n\t\t<div class=\"pt-icon-box-text\">\n\t\t\tPara ayudarles a darse a conocer y desarrollar su negocio.\t\t<\/div>\n\n\t\t\t\t\t\t\t\t\n\t\t\t\t\t\n\t\t\t\t\t\n\t\t\t\t\t\n\t\t\t\t<\/div>\n\n\t\t\t\t\t\t\t\t\t<\/div>\n\t\t\t\t\n\t\t\t\n\t\t\t\t\n\t\t\t\t\t\t\t\t\t<div class=\"swiper-slide\">\n\t\t\t\t\n\t\t\t\t<div class=\"pt-icon-box elementor-repeater-item-1e03463\">\n\n\t\t\t\t\t\n\t\t\t\t\t\t\n\t\t<div class=\"pt-icon-box-icon\">\n\t\t\t\n\t\t\t\t\n\t\t\t\t\n\t\t\t\t\n\t\t\t\t\t<\/div>\n\n\t\t\t\t\t\t\t\t\t\t\t\t\t\t\t\t\t\t\t\t\n\t\t<div class=\"pt-icon-box-title\">\n\t\t\t\n\t\t\tOfrecer una herramienta sencilla e intuitiva\ud83d\udcf1.\n\t\t\t\t\t<\/div>\n\n\t\t\t\t\t\t\t\t\n\t\t<div class=\"pt-icon-box-text\">\n\t\t\tFacilitar el acceso a lo que todo el mundo necesita, aunque no hable espa\u00f1ol.\t\t<\/div>\n\n\t\t\t\t\t\t\t\t\n\t\t\t\t\t\n\t\t\t\t\t\n\t\t\t\t\t\n\t\t\t\t<\/div>\n\n\t\t\t\t\t\t\t\t\t<\/div>\n\t\t\t\t\n\t\t\t\n\t\t\t\t\n\t\t\t\t\t\t\t\t\t<div class=\"swiper-slide\">\n\t\t\t\t\n\t\t\t\t<div class=\"pt-icon-box elementor-repeater-item-15e5941\">\n\n\t\t\t\t\t\n\t\t\t\t\t\t\n\t\t<div class=\"pt-icon-box-icon\">\n\t\t\t\n\t\t\t\t\n\t\t\t\t\n\t\t\t\t\n\t\t\t\t\t<\/div>\n\n\t\t\t\t\t\t\t\t\t\t\t\t\t\t\t\t\t\t\t\t\n\t\t<div class=\"pt-icon-box-title\">\n\t\t\t\n\t\t\tReunir a viajeros, residentes y agentes locales \ud83e\udd1d\n\t\t\t\t\t<\/div>\n\n\t\t\t\t\t\t\t\t\n\t\t<div class=\"pt-icon-box-text\">\n\t\t\tDestacando todas las nacionalidades presentes y fomentando la inclusi\u00f3n.\t\t<\/div>\n\n\t\t\t\t\t\t\t\t\n\t\t\t\t\t\n\t\t\t\t\t\n\t\t\t\t\t\n\t\t\t\t<\/div>\n\n\t\t\t\t\t\t\t\t\t<\/div>\n\t\t\t\t\n\t\t\t\n\t\t\t\t\t\t\t<\/div><\/div>\n\t\t\t\n\t\t\t\t\t<\/div>\n\n\t\t\t\t\t<div class=\"pt-swiper-pagination\"><\/div>\t\t\n\t\t\t\t\t\t<\/div>\n\t\t\t\t<\/div>\n\t\t\t\t\t<\/div>\n\t\t\t\t<\/div>\n\t\t<div class=\"elementor-element elementor-element-4099ba3d e-flex e-con-boxed e-con e-parent\" data-id=\"4099ba3d\" data-element_type=\"container\" data-e-type=\"container\">\n\t\t\t\t\t<div class=\"e-con-inner\">\n\t\t<div class=\"elementor-element elementor-element-1eb9f3fd e-con-full e-flex e-con e-child\" data-id=\"1eb9f3fd\" data-element_type=\"container\" data-e-type=\"container\">\n\t\t\t\t<div class=\"elementor-element elementor-element-1da6c97e elementor-widget elementor-widget-text-editor\" data-id=\"1da6c97e\" data-element_type=\"widget\" data-e-type=\"widget\" data-widget_type=\"text-editor.default\">\n\t\t\t\t<div class=\"elementor-widget-container\">\n\t\t\t\t\t\t\t\t\t<p>No nos limitamos a enumerar direcciones - <span style=\"color: #f66748;\">creamos v\u00ednculos.<\/span> Conexiones humanas entre culturas, lugares y profesionales de confianza en Panam\u00e1.<\/p>\t\t\t\t\t\t\t\t<\/div>\n\t\t\t\t<\/div>\n\t\t\t\t<\/div>\n\t\t<div class=\"elementor-element elementor-element-24b85f84 e-con-full e-flex e-con e-child\" data-id=\"24b85f84\" data-element_type=\"container\" data-e-type=\"container\">\n\t\t\t\t<div class=\"elementor-element elementor-element-5c5706ad elementor-widget__width-initial elementor-widget elementor-widget-image\" data-id=\"5c5706ad\" data-element_type=\"widget\" data-e-type=\"widget\" data-widget_type=\"image.default\">\n\t\t\t\t<div class=\"elementor-widget-container\">\n\t\t\t\t\t\t\t\t\t\t\t\t\t\t\t<img loading=\"lazy\" decoding=\"async\" width=\"436\" height=\"180\" src=\"https:\/\/pana-connect.com\/wp-content\/uploads\/2024\/07\/travelite-02-1.webp\" class=\"attachment-full size-full wp-image-261\" alt=\"\" srcset=\"https:\/\/pana-connect.com\/wp-content\/uploads\/2024\/07\/travelite-02-1.webp 436w, https:\/\/pana-connect.com\/wp-content\/uploads\/2024\/07\/travelite-02-1-300x124.webp 300w\" sizes=\"(max-width: 436px) 100vw, 436px\" \/>\t\t\t\t\t\t\t\t\t\t\t\t\t\t\t<\/div>\n\t\t\t\t<\/div>\n\t\t<div class=\"elementor-element elementor-element-1f5984c6 e-con-full e-flex e-con e-child\" data-id=\"1f5984c6\" data-element_type=\"container\" data-e-type=\"container\">\n\t\t\t\t<div class=\"elementor-element elementor-element-67cb87a2 elementor-widget elementor-widget-text-editor\" data-id=\"67cb87a2\" data-element_type=\"widget\" data-e-type=\"widget\" data-widget_type=\"text-editor.default\">\n\t\t\t\t<div class=\"elementor-widget-container\">\n\t\t\t\t\t\t\t\t\t<p>\u00a1Descubra Panam\u00e1 de otra manera!\u00a0<\/p>\t\t\t\t\t\t\t\t<\/div>\n\t\t\t\t<\/div>\n\t\t\t\t<\/div>\n\t\t\t\t<\/div>\n\t\t\t\t\t<\/div>\n\t\t\t\t<\/div>\n\t\t<div class=\"elementor-element elementor-element-756e70d e-flex e-con-boxed e-con e-parent\" data-id=\"756e70d\" data-element_type=\"container\" data-e-type=\"container\">\n\t\t\t\t\t<div class=\"e-con-inner\">\n\t\t\t\t<div class=\"elementor-element elementor-element-e583329 elementor-mobile-align-center elementor-align-center elementor-widget elementor-widget-button\" data-id=\"e583329\" data-element_type=\"widget\" data-e-type=\"widget\" data-widget_type=\"button.default\">\n\t\t\t\t<div class=\"elementor-widget-container\">\n\t\t\t\t\t\t\t\t\t<div class=\"elementor-button-wrapper\">\n\t\t\t\t\t<a class=\"elementor-button elementor-button-link elementor-size-sm\" href=\"https:\/\/pana-connect.com\/es\/unase-a-la-red\/\">\n\t\t\t\t\t\t<span class=\"elementor-button-content-wrapper\">\n\t\t\t\t\t\t\t\t\t<span class=\"elementor-button-text\">\u00danete a la red<\/span>\n\t\t\t\t\t<\/span>\n\t\t\t\t\t<\/a>\n\t\t\t\t<\/div>\n\t\t\t\t\t\t\t\t<\/div>\n\t\t\t\t<\/div>\n\t\t\t\t\t<\/div>\n\t\t\t\t<\/div>\n\t\t\t\t<\/div>","protected":false},"excerpt":{"rendered":"<p>M\u00e1s informaci\u00f3n... Bienvenido a Pana Connect, el directorio de referencia de Panam\u00e1. Tanto si est\u00e1 de paso como si es un expatriado reci\u00e9n instalado o un residente de...<\/p>","protected":false},"author":1,"featured_media":0,"parent":0,"menu_order":0,"comment_status":"closed","ping_status":"closed","template":"","meta":{"_acf_changed":false,"footnotes":""},"class_list":["post-30","page","type-page","status-publish","hentry"],"acf":[],"_links":{"self":[{"href":"https:\/\/pana-connect.com\/es\/wp-json\/wp\/v2\/pages\/30","targetHints":{"allow":["GET"]}}],"collection":[{"href":"https:\/\/pana-connect.com\/es\/wp-json\/wp\/v2\/pages"}],"about":[{"href":"https:\/\/pana-connect.com\/es\/wp-json\/wp\/v2\/types\/page"}],"author":[{"embeddable":true,"href":"https:\/\/pana-connect.com\/es\/wp-json\/wp\/v2\/users\/1"}],"replies":[{"embeddable":true,"href":"https:\/\/pana-connect.com\/es\/wp-json\/wp\/v2\/comments?post=30"}],"version-history":[{"count":103,"href":"https:\/\/pana-connect.com\/es\/wp-json\/wp\/v2\/pages\/30\/revisions"}],"predecessor-version":[{"id":1723,"href":"https:\/\/pana-connect.com\/es\/wp-json\/wp\/v2\/pages\/30\/revisions\/1723"}],"wp:attachment":[{"href":"https:\/\/pana-connect.com\/es\/wp-json\/wp\/v2\/media?parent=30"}],"curies":[{"name":"wp","href":"https:\/\/api.w.org\/{rel}","templated":true}]}}